{"id":30729,"date":"2024-04-11T17:28:26","date_gmt":"2024-04-11T15:28:26","guid":{"rendered":"https:\/\/alteritas.it\/sakra-permanent-seminar-on-ancient-religions\/"},"modified":"2025-12-02T11:18:07","modified_gmt":"2025-12-02T10:18:07","slug":"sakra-permanent-seminar-on-ancient-religions","status":"publish","type":"page","link":"https:\/\/alteritas.it\/en\/sakra-permanent-seminar-on-ancient-religions\/","title":{"rendered":"SAKRA &#8211; Seminar on comparative studies of religions."},"content":{"rendered":"<p>[et_pb_section fb_built=&#8221;1&#8243; _builder_version=&#8221;4.18.1&#8243; _module_preset=&#8221;default&#8221; background_color=&#8221;#FFFFFF&#8221; global_colors_info=&#8221;{}&#8221;][et_pb_row _builder_version=&#8221;4.18.0&#8243; _module_preset=&#8221;default&#8221; global_colors_info=&#8221;{}&#8221;][et_pb_column type=&#8221;4_4&#8243; _builder_version=&#8221;4.18.0&#8243; _module_preset=&#8221;default&#8221; global_colors_info=&#8221;{}&#8221;][et_pb_text _builder_version=&#8221;4.24.2&#8243; _module_preset=&#8221;default&#8221; module_alignment=&#8221;center&#8221; global_colors_info=&#8221;{}&#8221;]<\/p>\n<p><strong>Permanent Seminar on Ancient Religions<\/strong><\/p>\n<p><strong>Organising Committee:<\/strong> Tommaso Poggi, Simona Marchesini<\/p>\n<p><strong>Scientific Committee: <\/strong> Alessandro Campus \u2013 University of Rome Tor Vergata, Gian Franco Chiai \u2013 Universit\u00e9 de Limoges, Maria Cruz Gonz\u00e1les Rodr\u00edguez \u2013 Universidad del Pa\u00eds Vasco, Simona Marchesini \u2013 Alteritas, Paola Palmentola \u2013 University of Bari Aldo Moro, Gaby Waxenberger \u2013 Akademie der Wissenschaften zu G\u00f6ttingen \u2013 LMU M\u00fcnchen.<\/p>\n<p>[\/et_pb_text][et_pb_text _builder_version=&#8221;4.27.4&#8243; _module_preset=&#8221;default&#8221; hover_enabled=&#8221;0&#8243; global_colors_info=&#8221;{}&#8221; sticky_enabled=&#8221;0&#8243;]<\/p>\n<h1><strong>2025<\/strong><\/h1>\n<p class=\"p1\">27.01.2025 5 p.m. &#8211; Ilaria Ramelli <span>(Stanford University) <\/span>Jesus Christ in the Roman pantheon? A controversial senate-consultation and a response to recent objections<\/p>\n<p class=\"p1\">02\/28\/2025 5 pm &#8211; Paola Palmentola, Federica Fanizzi <a href=\"https:\/\/www.youtube.com\/watch?v=t8_k6a0PieA\"><span>Archaeology of cults in Peucezia: The places of ritual and worship and The pillar graffiti of the acropolis of Monte Sannace<\/span><\/a><\/p>\n<p class=\"p1\">24.03.2025 5 p.m. &#8211; Arianna D&#8217;Ottone <span>(Sapienza University of Rome)<\/span> <a href=\"https:\/\/www.youtube.com\/watch?v=tZ2VU8SMOEg\">Arabic writing and pseudo-writing in the mosaics of the basilica of Santa Maria in Trastevere (Rome, first half of the 12th s.)<\/a><\/p>\n<p>28.04.2025 5 pm &#8211; Elisabeth Okasha (University College Cork) <a href=\"https:\/\/www.youtube.com\/watch?v=GYhecHjxbBk\">Are Anglo-Saxon non-runic inscriptions always religious in content?<\/a><\/p>\n<p>05\/26\/2025 5 pm &#8211; Jos\u00e9 Maria Vallejo (Universidad del Pa\u00eds Basco) <a href=\"https:\/\/www.youtube.com\/watch?v=lmvW9PjZvfE\">Deity names as an aid to linguistic interpretation in fragmentary languages: the Hispanic case<\/a>.<\/p>\n<p>06\/23\/2025 5 p.m. &#8211; Francisco Marco Simon (Universidad de Zaragoza) <a href=\"https:\/\/www.youtube.com\/watch?v=c0v2V05GvPw&amp;t=221s\"><span>The Perils of Travel and Invocations to the Gods in the Latin West<\/span><\/a><\/p>\n<p class=\"p1\">21.07.2025 5 p.m. &#8211; Immaculate Aulisa (University of Bari Aldo Moro) <a href=\"https:\/\/www.youtube.com\/watch?v=31fOyn7mZ3w\">Jews and Christians between Late Antiquity and the Middle Ages: cohabitation, disputes, episodes of violence<\/a><\/p>\n<p class=\"p1\">03\/10\/2025 5 p.m. &#8211; Simona Marchesini (Alteritas)<a href=\"https:\/\/www.youtube.com\/watch?v=isTFCOkYwzY\"> <span>Gods of Ostuni. Between votive formulas and the definition of the pantheon<\/span><\/a><\/p>\n<p class=\"p1\">24.10.2025 5 pm &#8211; Carmen Rueda Gal\u00e1n (Universidad de Ja\u00e9n)<a href=\"https:\/\/www.youtube.com\/watch?v=exkh6SyEi7k&amp;t=6s\"> Paisajes sagrados, santuarios y ritualidad en la Cultura \u00cdbera<\/a><\/p>\n<p class=\"p1\">11\/24\/2025 5 p.m. &#8211; Sophie Heiers (Nieders\u00e4chsische Akademie der Wissenschaften zu G\u00f6ttingen) P\u00f3rr hallow these runes &#8211; the Viking Age rune-stones in the context of religion<\/p>\n<p>[\/et_pb_text][et_pb_text _builder_version=&#8221;4.27.4&#8243; _module_preset=&#8221;default&#8221; global_colors_info=&#8221;{}&#8221;]<\/p>\n<h1><strong>2024<\/strong><\/h1>\n<p><a href=\"https:\/\/alteritas.effetti.dev\/wp-content\/uploads\/2024\/05\/Locandina-SAKRA-2024-GENERALE-1.pdf\"><strong>Program<\/strong><\/a><\/p>\n<p><strong><\/strong>You can follow lectures on Zoom after registering at <a href=\"mailto:info@alteritas.it\">info@alteritas.it.<\/a><\/p>\n<p>The lectures are however available for streaming on the Alteritas <a href=\"https:\/\/www.facebook.com\/profile.php?id=100094434265392\">Facebook<\/a> page and, within a few days, on the <a href=\"https:\/\/www.youtube.com\/@alteritasinterazioni5597\">YouTube<\/a> channel.<\/p>\n<p class=\"p1\"><b>29.01.2024 <\/b>5 p.m. &#8211; Gian Franco Chiai (Universit\u00e9 de Limoges) La religione frigia e i Greci<a href=\"https:\/\/www.youtube.com\/watch?v=n5EB6haMAqw\"><i>.<\/i><\/a><\/p>\n<p class=\"p1\"><b>04.03.2024<\/b> 5 p.m. &#8211; Giovanni Mastronuzzi (University of Salento), <i><a href=\"https:\/\/www.youtube.com\/watch?v=CNkFHFO425Q&amp;t=126s\">Archeologia dei culti nella civilt\u00e0 messapica<\/a> &#8211; Part I.<\/i><\/p>\n<p class=\"p1\"><b>25.03.2024<\/b> 5 p.m. &#8211; Giovanni Mastronuzzi (University of Salento), Archeologia dei culti nella civilt\u00e0 messapica &#8211; Part II<a href=\"https:\/\/www.youtube.com\/watch?v=mI2m69lbDwA\"><i>.<\/i><\/a><\/p>\n<p class=\"p1\"><b>26.04.2024<\/b> 5 pm &#8211; Gaby Waxenberger (Akademie der Wissenschaften zu G\u00f6ttingen\/LMU M\u00fcnchen), <a href=\"https:\/\/www.youtube.com\/watch?v=hJx-yJ60o6E\"><i>Runes on the Ruthwell Cross in Dumfriesshire.<\/i><\/a><\/p>\n<p class=\"p1\"><b>10.06.2024 <\/b>5 pm \u00c9amonn \u00d3 Carrag\u00e1in (University College Cork), <a href=\"https:\/\/www.youtube.com\/watch?v=yShQQsfPwjU\"><em>Bede, his scholarly circle, the Dream of the Rood and the Ruthwell Cross.<\/em><\/a><\/p>\n<p class=\"p1\"><b>28.06.2024<\/b> 5:00 p.m. &#8211; Maria Cruz Gonz\u00e1lez Rodr\u00edguez (Universidad del Pa\u00eds Vasco), <a href=\"https:\/\/www.youtube.com\/watch?v=UmCezXC4I_E\"><i>Cultos locales y religi\u00f3n en la Hispania C\u00e9ltica: el ejemplo del noroeste.<\/i><\/a><\/p>\n<p class=\"p1\"><b>09\/23\/2024<\/b> 5:00 pm &#8211; Alessandro Campus (University of Rome Tor Vergata), <a href=\"https:\/\/www.youtube.com\/watch?v=DJ5sT-dAATQ\"><i>Sacrifici umani fenici: appunti su un problema.<\/i><\/a><\/p>\n<p class=\"p1\"><b>10\/25\/2024<\/b> 5 pm &#8211; Igor Baglioni, Ilaria Biano, Chiara Crosignani, <i><a href=\"https:\/\/www.youtube.com\/watch?v=AUzslb58K8E\">Presentation with the authors of the two volumes &#8220;Fantastic Religions and Where to Find Them.<\/a><span class=\"Apple-converted-space\"> <\/span><\/i> <\/p>\n<p class=\"p1\"><b>Nov. 25, 2024<\/b> 5 p.m. &#8211; Fr. Luca Merlo, <a href=\"https:\/\/www.youtube.com\/watch?v=GTbJ88Hs36Y\"><i> La figura di Maria in chiave interconfessionale e interreligiosa .<\/i><\/a>.<\/p>\n<p>[\/et_pb_text][et_pb_text _builder_version=&#8221;4.24.2&#8243; _module_preset=&#8221;default&#8221; text_text_color=&#8221;#000000&#8243; header_text_color=&#8221;#000000&#8243; background_layout=&#8221;dark&#8221; global_colors_info=&#8221;{}&#8221;]<\/p>\n<h1><strong>2020<\/strong><\/h1>\n<p>Friday 16 October 2020, 17:30 (Rome), Zoom<\/p>\n<p>Lorenzo P\u00e9rez Yarza &#8220;Sol y adoraciones en el Occidente Mediterr\u00e1neo Romano&#8221;<\/p>\n<p>[\/et_pb_text][\/et_pb_column][\/et_pb_row][\/et_pb_section]<\/p>\n","protected":false},"excerpt":{"rendered":"<p>Permanent Seminar on Ancient Religions Organising Committee: Tommaso Poggi, Simona Marchesini Scientific Committee: Alessandro Campus \u2013 University of Rome Tor Vergata, Gian Franco Chiai \u2013 Universit\u00e9 de Limoges, Maria Cruz Gonz\u00e1les Rodr\u00edguez \u2013 Universidad del Pa\u00eds Vasco, Simona Marchesini \u2013 Alteritas, Paola Palmentola \u2013 University of Bari Aldo Moro, Gaby Waxenberger \u2013 Akademie der Wissenschaften [&hellip;]<\/p>\n","protected":false},"author":2,"featured_media":0,"parent":0,"menu_order":0,"comment_status":"closed","ping_status":"closed","template":"","meta":{"_et_pb_use_builder":"on","_et_pb_old_content":"","_et_gb_content_width":"","footnotes":""},"class_list":["post-30729","page","type-page","status-publish","hentry"],"yoast_head":"<!-- This site is optimized with the Yoast SEO plugin v27.4 - https:\/\/yoast.com\/product\/yoast-seo-wordpress\/ -->\n<title>SAKRA - Seminar on comparative studies of religions. - Alteritas<\/title>\n<meta name=\"robots\" content=\"index, follow, max-snippet:-1, max-image-preview:large, max-video-preview:-1\" \/>\n<link rel=\"canonical\" href=\"https:\/\/alteritas.it\/en\/sakra-permanent-seminar-on-ancient-religions\/\" \/>\n<meta property=\"og:locale\" content=\"en_US\" \/>\n<meta property=\"og:type\" content=\"article\" \/>\n<meta property=\"og:title\" content=\"SAKRA - Seminar on comparative studies of religions. - Alteritas\" \/>\n<meta property=\"og:description\" content=\"Permanent Seminar on Ancient Religions Organising Committee: Tommaso Poggi, Simona Marchesini Scientific Committee: Alessandro Campus \u2013 University of Rome Tor Vergata, Gian Franco Chiai \u2013 Universit\u00e9 de Limoges, Maria Cruz Gonz\u00e1les Rodr\u00edguez \u2013 Universidad del Pa\u00eds Vasco, Simona Marchesini \u2013 Alteritas, Paola Palmentola \u2013 University of Bari Aldo Moro, Gaby Waxenberger \u2013 Akademie der Wissenschaften [&hellip;]\" \/>\n<meta property=\"og:url\" content=\"https:\/\/alteritas.it\/en\/sakra-permanent-seminar-on-ancient-religions\/\" \/>\n<meta property=\"og:site_name\" content=\"Alteritas\" \/>\n<meta property=\"article:publisher\" content=\"https:\/\/www.facebook.com\/profile.php?id=100094434265392\" \/>\n<meta property=\"article:modified_time\" content=\"2025-12-02T10:18:07+00:00\" \/>\n<meta name=\"twitter:card\" content=\"summary_large_image\" \/>\n<meta name=\"twitter:site\" content=\"@AlteritasInfo\" \/>\n<meta name=\"twitter:label1\" content=\"Est. reading time\" \/>\n\t<meta name=\"twitter:data1\" content=\"3 minutes\" \/>\n<script type=\"application\/ld+json\" class=\"yoast-schema-graph\">{\"@context\":\"https:\\\/\\\/schema.org\",\"@graph\":[{\"@type\":\"WebPage\",\"@id\":\"https:\\\/\\\/alteritas.it\\\/en\\\/sakra-permanent-seminar-on-ancient-religions\\\/\",\"url\":\"https:\\\/\\\/alteritas.it\\\/en\\\/sakra-permanent-seminar-on-ancient-religions\\\/\",\"name\":\"SAKRA - Seminar on comparative studies of religions. - Alteritas\",\"isPartOf\":{\"@id\":\"https:\\\/\\\/alteritas.it\\\/en\\\/#website\"},\"datePublished\":\"2024-04-11T15:28:26+00:00\",\"dateModified\":\"2025-12-02T10:18:07+00:00\",\"breadcrumb\":{\"@id\":\"https:\\\/\\\/alteritas.it\\\/en\\\/sakra-permanent-seminar-on-ancient-religions\\\/#breadcrumb\"},\"inLanguage\":\"en-US\",\"potentialAction\":[{\"@type\":\"ReadAction\",\"target\":[\"https:\\\/\\\/alteritas.it\\\/en\\\/sakra-permanent-seminar-on-ancient-religions\\\/\"]}]},{\"@type\":\"BreadcrumbList\",\"@id\":\"https:\\\/\\\/alteritas.it\\\/en\\\/sakra-permanent-seminar-on-ancient-religions\\\/#breadcrumb\",\"itemListElement\":[{\"@type\":\"ListItem\",\"position\":1,\"name\":\"Home\",\"item\":\"https:\\\/\\\/alteritas.it\\\/en\\\/\"},{\"@type\":\"ListItem\",\"position\":2,\"name\":\"SAKRA &#8211; Seminar on comparative studies of religions.\"}]},{\"@type\":\"WebSite\",\"@id\":\"https:\\\/\\\/alteritas.it\\\/en\\\/#website\",\"url\":\"https:\\\/\\\/alteritas.it\\\/en\\\/\",\"name\":\"Alteritas\",\"description\":\"\",\"publisher\":{\"@id\":\"https:\\\/\\\/alteritas.it\\\/en\\\/#organization\"},\"potentialAction\":[{\"@type\":\"SearchAction\",\"target\":{\"@type\":\"EntryPoint\",\"urlTemplate\":\"https:\\\/\\\/alteritas.it\\\/en\\\/?s={search_term_string}\"},\"query-input\":{\"@type\":\"PropertyValueSpecification\",\"valueRequired\":true,\"valueName\":\"search_term_string\"}}],\"inLanguage\":\"en-US\"},{\"@type\":\"Organization\",\"@id\":\"https:\\\/\\\/alteritas.it\\\/en\\\/#organization\",\"name\":\"Alteritas\",\"url\":\"https:\\\/\\\/alteritas.it\\\/en\\\/\",\"logo\":{\"@type\":\"ImageObject\",\"inLanguage\":\"en-US\",\"@id\":\"https:\\\/\\\/alteritas.it\\\/en\\\/#\\\/schema\\\/logo\\\/image\\\/\",\"url\":\"https:\\\/\\\/alteritas.effetti.dev\\\/wp-content\\\/uploads\\\/2022\\\/08\\\/tondo_bianco.png\",\"contentUrl\":\"https:\\\/\\\/alteritas.effetti.dev\\\/wp-content\\\/uploads\\\/2022\\\/08\\\/tondo_bianco.png\",\"width\":169,\"height\":160,\"caption\":\"Alteritas\"},\"image\":{\"@id\":\"https:\\\/\\\/alteritas.it\\\/en\\\/#\\\/schema\\\/logo\\\/image\\\/\"},\"sameAs\":[\"https:\\\/\\\/www.facebook.com\\\/profile.php?id=100094434265392\",\"https:\\\/\\\/x.com\\\/AlteritasInfo\",\"https:\\\/\\\/www.instagram.com\\\/alteritasinterazioni\\\/\",\"https:\\\/\\\/www.youtube.com\\\/@alteritasinterazioni5597\",\"https:\\\/\\\/www.linkedin.com\\\/in\\\/alteritas-interazioni-352257208\\\/\"]}]}<\/script>\n<!-- \/ Yoast SEO plugin. -->","yoast_head_json":{"title":"SAKRA - Seminar on comparative studies of religions. - Alteritas","robots":{"index":"index","follow":"follow","max-snippet":"max-snippet:-1","max-image-preview":"max-image-preview:large","max-video-preview":"max-video-preview:-1"},"canonical":"https:\/\/alteritas.it\/en\/sakra-permanent-seminar-on-ancient-religions\/","og_locale":"en_US","og_type":"article","og_title":"SAKRA - Seminar on comparative studies of religions. - Alteritas","og_description":"Permanent Seminar on Ancient Religions Organising Committee: Tommaso Poggi, Simona Marchesini Scientific Committee: Alessandro Campus \u2013 University of Rome Tor Vergata, Gian Franco Chiai \u2013 Universit\u00e9 de Limoges, Maria Cruz Gonz\u00e1les Rodr\u00edguez \u2013 Universidad del Pa\u00eds Vasco, Simona Marchesini \u2013 Alteritas, Paola Palmentola \u2013 University of Bari Aldo Moro, Gaby Waxenberger \u2013 Akademie der Wissenschaften [&hellip;]","og_url":"https:\/\/alteritas.it\/en\/sakra-permanent-seminar-on-ancient-religions\/","og_site_name":"Alteritas","article_publisher":"https:\/\/www.facebook.com\/profile.php?id=100094434265392","article_modified_time":"2025-12-02T10:18:07+00:00","twitter_card":"summary_large_image","twitter_site":"@AlteritasInfo","twitter_misc":{"Est. reading time":"3 minutes"},"schema":{"@context":"https:\/\/schema.org","@graph":[{"@type":"WebPage","@id":"https:\/\/alteritas.it\/en\/sakra-permanent-seminar-on-ancient-religions\/","url":"https:\/\/alteritas.it\/en\/sakra-permanent-seminar-on-ancient-religions\/","name":"SAKRA - Seminar on comparative studies of religions. - Alteritas","isPartOf":{"@id":"https:\/\/alteritas.it\/en\/#website"},"datePublished":"2024-04-11T15:28:26+00:00","dateModified":"2025-12-02T10:18:07+00:00","breadcrumb":{"@id":"https:\/\/alteritas.it\/en\/sakra-permanent-seminar-on-ancient-religions\/#breadcrumb"},"inLanguage":"en-US","potentialAction":[{"@type":"ReadAction","target":["https:\/\/alteritas.it\/en\/sakra-permanent-seminar-on-ancient-religions\/"]}]},{"@type":"BreadcrumbList","@id":"https:\/\/alteritas.it\/en\/sakra-permanent-seminar-on-ancient-religions\/#breadcrumb","itemListElement":[{"@type":"ListItem","position":1,"name":"Home","item":"https:\/\/alteritas.it\/en\/"},{"@type":"ListItem","position":2,"name":"SAKRA &#8211; Seminar on comparative studies of religions."}]},{"@type":"WebSite","@id":"https:\/\/alteritas.it\/en\/#website","url":"https:\/\/alteritas.it\/en\/","name":"Alteritas","description":"","publisher":{"@id":"https:\/\/alteritas.it\/en\/#organization"},"potentialAction":[{"@type":"SearchAction","target":{"@type":"EntryPoint","urlTemplate":"https:\/\/alteritas.it\/en\/?s={search_term_string}"},"query-input":{"@type":"PropertyValueSpecification","valueRequired":true,"valueName":"search_term_string"}}],"inLanguage":"en-US"},{"@type":"Organization","@id":"https:\/\/alteritas.it\/en\/#organization","name":"Alteritas","url":"https:\/\/alteritas.it\/en\/","logo":{"@type":"ImageObject","inLanguage":"en-US","@id":"https:\/\/alteritas.it\/en\/#\/schema\/logo\/image\/","url":"https:\/\/alteritas.effetti.dev\/wp-content\/uploads\/2022\/08\/tondo_bianco.png","contentUrl":"https:\/\/alteritas.effetti.dev\/wp-content\/uploads\/2022\/08\/tondo_bianco.png","width":169,"height":160,"caption":"Alteritas"},"image":{"@id":"https:\/\/alteritas.it\/en\/#\/schema\/logo\/image\/"},"sameAs":["https:\/\/www.facebook.com\/profile.php?id=100094434265392","https:\/\/x.com\/AlteritasInfo","https:\/\/www.instagram.com\/alteritasinterazioni\/","https:\/\/www.youtube.com\/@alteritasinterazioni5597","https:\/\/www.linkedin.com\/in\/alteritas-interazioni-352257208\/"]}]}},"_links":{"self":[{"href":"https:\/\/alteritas.it\/en\/wp-json\/wp\/v2\/pages\/30729","targetHints":{"allow":["GET"]}}],"collection":[{"href":"https:\/\/alteritas.it\/en\/wp-json\/wp\/v2\/pages"}],"about":[{"href":"https:\/\/alteritas.it\/en\/wp-json\/wp\/v2\/types\/page"}],"author":[{"embeddable":true,"href":"https:\/\/alteritas.it\/en\/wp-json\/wp\/v2\/users\/2"}],"replies":[{"embeddable":true,"href":"https:\/\/alteritas.it\/en\/wp-json\/wp\/v2\/comments?post=30729"}],"version-history":[{"count":21,"href":"https:\/\/alteritas.it\/en\/wp-json\/wp\/v2\/pages\/30729\/revisions"}],"predecessor-version":[{"id":31110,"href":"https:\/\/alteritas.it\/en\/wp-json\/wp\/v2\/pages\/30729\/revisions\/31110"}],"wp:attachment":[{"href":"https:\/\/alteritas.it\/en\/wp-json\/wp\/v2\/media?parent=30729"}],"curies":[{"name":"wp","href":"https:\/\/api.w.org\/{rel}","templated":true}]}}