{"id":30752,"date":"2022-08-05T16:20:45","date_gmt":"2022-08-05T14:20:45","guid":{"rendered":"https:\/\/alteritas.it\/research\/scientific-committee\/"},"modified":"2026-03-17T08:43:11","modified_gmt":"2026-03-17T07:43:11","slug":"scientific-committee","status":"publish","type":"page","link":"https:\/\/alteritas.it\/en\/research\/scientific-committee\/","title":{"rendered":"Scientific Committee"},"content":{"rendered":"<p>[et_pb_section fb_built=&#8221;1&#8243; _builder_version=&#8221;4.18.0&#8243; _module_preset=&#8221;default&#8221; background_color=&#8221;#FFFFFF&#8221; global_colors_info=&#8221;{}&#8221;][et_pb_row _builder_version=&#8221;4.18.0&#8243; _module_preset=&#8221;default&#8221; global_colors_info=&#8221;{}&#8221;][et_pb_column type=&#8221;4_4&#8243; _builder_version=&#8221;4.18.0&#8243; _module_preset=&#8221;default&#8221; global_colors_info=&#8221;{}&#8221;][et_pb_text _builder_version=&#8221;4.27.5&#8243; _module_preset=&#8221;default&#8221; text_text_color=&#8221;#000000&#8243; header_text_color=&#8221;#000000&#8243; header_2_text_color=&#8221;#000000&#8243; header_3_text_color=&#8221;#000000&#8243; background_layout=&#8221;dark&#8221; hover_enabled=&#8221;0&#8243; global_colors_info=&#8221;{}&#8221; sticky_enabled=&#8221;0&#8243;]<\/p>\n<h3><\/h3>\n<h2><strong>Scientific Council<\/strong>:<\/h2>\n<p>Alfredo Buonopane, Alessandro Campus, Gian Franco Chiai, Federica Fanizzi, Simona Marchesini, Anna Siri<\/p>\n<p>&nbsp;<\/p>\n<h3><strong>Comitato Scientifico Miscellanea &#8220;Tempus Tacendi &#8211; Quando il silenzio comunica&#8221;:<\/strong><\/h3>\n<ul>\n<li><span>Alfredo Buonopane (Universit\u00e0 di Verona, Alteritas)<\/span><\/li>\n<li><span> Alessandro Campus (Universit\u00e0 di Roma \u201cTor Vergata\u201d)<\/span><\/li>\n<li><span>Anna Chahoud (Trinity College Dublin)<\/span><\/li>\n<li><span> Roberto Gini (musicista)<\/span><\/li>\n<li><span> Gianmario Guidarelli, (Universit\u00e0 di Padova)<\/span><\/li>\n<li><span> Gianfrancesco Lusini (Universit\u00e0 di Napoli \u201cL\u2019Orientale\u201d)<\/span><\/li>\n<li><span> Andrea Manzo (Universit\u00e0 di Napoli \u201cL\u2019Orientale\u201d)<\/span><\/li>\n<li><span> Simona Marchesini (Alteritas Verona)<\/span><\/li>\n<li><span> Christine Morris (Trinity College Dublin)<\/span><\/li>\n<li> <span> Maria Clara Rossi <\/span><span>(Universit\u00e0 di Verona, Alteritas).<\/span><\/li>\n<\/ul>\n<h3><strong><\/strong><\/h3>\n<h3><strong>Comitato Scientifico &#8220;Ateritas International Training School &#8211; The Epigraphic Text&#8221;:<\/strong><\/h3>\n<ul>\n<li>Alfredo Buonopane, University of Verona<\/li>\n<li>Alessandro Campus, Universit\u00e0 degli Studi di Roma &#8220;Tor Vergata&#8221;<\/li>\n<li>Gian Franco Chiai, Institute of History of Ancient Civilisations, University of Changun<\/li>\n<li>Cristina Girardi, Alteritas \u2013 Verona<\/li>\n<li>Simona Marchesini, Alteritas \u2013 Verona<\/li>\n<li>Gaby Waxenberger, G\u00f6ttingen Academy of Sciences and Letters, Ludwig Maximilian University of Munich<\/li>\n<\/ul>\n<h3><strong><\/strong><\/h3>\n<h3><strong>Comitato Scientifico &#8220;Alteritas Summer School &#8211; I Messapi: epigrafia, lingua, archeologia, storia&#8221; (2022):<\/strong><\/h3>\n<ul>\n<li>Simona Marchesini, Alteritas Verona<\/li>\n<li>Giovanni Mastronuzzi, Universita\u0300 del Salento<\/li>\n<\/ul>\n<h3><strong><\/strong><\/h3>\n<h3><strong>Comitato Scientifico &#8220;Alteritas International Training School &#8211; Il testo epigrafico&#8221; (2020):<\/strong><\/h3>\n<ul>\n<li>Margherita Bolla, Musei Civici, Verona<\/li>\n<li>Alfredo Buonopane, Universit\u00e0 degli Studi di Verona, Dipartimento di Culture e Civilt\u00e0<\/li>\n<li>Alessandro Campus, Universit\u00e0 di Roma \u201cTor Vergata\u201d<\/li>\n<li>Cristina Girardi, Alteritas, Verona<\/li>\n<li>Simona Marchesini, Alteritas, Verona<\/li>\n<li>Manuel Ram\u00edrez S\u00e1nchez, Universidad de Las Palmas de Gran Canaria, Instituto Universitario de An\u00e1lisis y Aplicaciones Textuales<\/li>\n<\/ul>\n<h3><strong><\/strong><\/h3>\n<h3><strong>Comitato Scientifico progetto &#8220;<\/strong><strong>International Multidisciplinary Miscellany): Hidden Inscriptions, Invisible Inscriptions. When the medium does not &#8220;get the message across&#8221; (2019-2020): <\/strong><\/h3>\n<ul>\n<li>Maria Giulia Amadasi (Universit\u00e0 di Roma \u201cLa Sapienza\u201d)<\/li>\n<li>Edoardo Barbieri (Universit\u00e0 Cattolica di Milano \u2013 Brescia)<\/li>\n<li>Francisco Beltr\u00e1n (Universidad de Zaragoza)<\/li>\n<li>Alfredo Buonopane (Universit\u00e0 degli studi di Verona)<\/li>\n<li>Alessandro Campus (Universit\u00e0 di Roma \u201cTor Vergata\u201d)<\/li>\n<li>Michel Fuchs (Universit\u00e9 de Lausanne)<\/li>\n<li>Pierre-Yves Lambert (\u00c9cole Pratique des Hautes \u00c9tudes, Paris)<\/li>\n<li>Gianfrancesco Lusini, Universit\u00e0 di Napoli \u201cL\u2019Orientale\u201d<\/li>\n<li>Simona Marchesini (Alteritas Verona)<\/li>\n<li>Paolo Poccetti (Universit\u00e0 di Roma \u201cTor Vergata\u201d)<\/li>\n<\/ul>\n<h3><strong>Comitato Scientifico &#8220;Alteritas International Training School di epigrafia&#8221; (2019):<\/strong><\/h3>\n<ul>\n<li>Margherita Bolla, Musei Civici, Verona<\/li>\n<li>Alfredo Buonopane, Universit\u00e0 di Verona, Dipartimento di Culture e Civilt\u00e0<\/li>\n<li>Simona Marchesini, Alteritas, Verona<\/li>\n<li>Manuel Ram\u00edrez S\u00e1nchez, Universidad de Las Palmas de Gran Canaria, Instituto Universitario de An\u00e1lisis y Aplicaciones Textuales<\/li>\n<\/ul>\n<h3><strong>Comitato Scientifico progetto &#8220;AlterHabilitas&#8221; (2016-2019):<\/strong><\/h3>\n<ul>\n<li>Alfredo Buonopane (Universit\u00e0 di Verona, Dipartimento di Culture e Civilt\u00e0)<\/li>\n<li>Silvia Carraro (Alteritas, Universit\u00e0 di Verona)<\/li>\n<li>Vittorio Dell\u2019Aquila (Alteritas, Centre d\u2019\u00c9tudes Linguistiques pour l\u2019Europe)<\/li>\n<li>Paola Gueresi (Universit\u00e0 degli Studi di Bologna)<\/li>\n<li>Simona Marchesini (Alteritas)<\/li>\n<li>Silvia Negrotti (Alteritas)<\/li>\n<li>Mariaclara Rossi (Universit\u00e0 di Verona, Dipartimento di Culture e Civilt\u00e0)<\/li>\n<li>Francesca Vitali (Universit\u00e0 di Verona, Dipartimento di Scienze Motorie).<\/li>\n<\/ul>\n<h3><strong>Comitato Scientifico &#8220;Simple Twists of Faith&#8221; (2015-2017):<\/strong><\/h3>\n<ul>\n<li>Simona Marchesini (Alteritas, Verona)<\/li>\n<li>James Nelson Novoa (Hebrew University of Jerusalem)<\/li>\n<li>Alfredo Buonopane (Universit\u00e0 di Verona)<\/li>\n<li>Mariaclara Rossi (Universit\u00e0 di Verona)<\/li>\n<li>Silvia Carraro (Alteritas, Verona)<\/li>\n<li>Giovanni Kezich (Museo degli Usi e Costumi della Gente Trentina, S. Michele all\u2019Adige &#8211; TN)<\/li>\n<li>Dionigi Albera (Mus\u00e9e des Civilisations de l\u2019Europe et de la M\u00e9diterran\u00e9e, Marseille &#8211; F)<\/li>\n<li>Paul-Andr\u00e9 Turcotte (Association Fran\u00e7aise pour la Formation et la Recherche en Sciences Sociales AFFRESS)<\/li>\n<li>Claude Stuczynski (Universit\u00e0 di Bar-Ilan, Israele)<\/li>\n<li>Elizabeta Koneska (National Museum of Macedonia, Skopje).<\/li>\n<\/ul>\n<h3><strong>Comitato Scientifico progetto &#8220;Seconde Generazioni&#8221; (2013-2014):<\/strong><\/h3>\n<ul>\n<li>Alfredo Buonopane (Universit\u00e0 di Verona)<\/li>\n<li>Vittorio Dell\u2019Aquila (Alteritas, Centre d\u2019\u00c9tudes Linguistiques pour l\u2019Europe)<\/li>\n<li>Simona Marchesini (Alteritas)<\/li>\n<li>Nicoletta Martinelli (Alteritas, Dendrodata s.a.s.)<\/li>\n<li>Anna Paini (Universit\u00e0 di Verona)<\/li>\n<li>Andreas Rehberg (Deutsches Historisches Institut in Rom)<\/li>\n<li>Mariaclara Rossi (Universit\u00e0 di Verona)<\/li>\n<li>Silvana Seidel Menchi (Universit\u00e0 di Pisa)<\/li>\n<li>Alessio Surian (Universit\u00e0 di Padova)<\/li>\n<li>Alfredo Valvo (Universit\u00e0 Cattolica di Milano &#8211; Brescia).<\/li>\n<\/ul>\n<h3><strong>Comitato Scientifico &#8220;Matrimoni Misti&#8221; (2010-2012):<\/strong><\/h3>\n<ul>\n<li>Alfredo Buonopane (Universit\u00e0 di Verona)<\/li>\n<li>Vittorio Dell&#8217;Aquila (CELE)<\/li>\n<li>Giuseppina de Sandre (Universit\u00e0 di Verona)<\/li>\n<li>Sergio De Iasio (Universit\u00e0 di Parma)<\/li>\n<li>Donato Fasolini (Universit\u00e0 Cattolica di Milano &#8211; Brescia)<\/li>\n<li>Paola Gueresi (Universit\u00e0 di Bologna)<\/li>\n<li>\n<div>Giovanni Kezich (Museo degli Usi e Costumi della Gente Trentina, S. Michele all&#8217;Adige &#8211; TN)<\/div>\n<\/li>\n<li>\n<div>Simona Marchesini (Alteritas)<\/div>\n<\/li>\n<li>\n<div>Nicoletta Martinelli (Alteritas, Dendrodata s.a.s.)<\/div>\n<\/li>\n<li>\n<div>Ermanno Orlando (Universit\u00e0 di Verona)<\/div>\n<\/li>\n<li>\n<div>Rosa Roncador (Soprintendenza ai Beni Archeologici della Provincia Autonoma di Trento)<\/div>\n<\/li>\n<li>\n<div>Maria Clara Rossi (Universit\u00e0 di Verona)<\/div>\n<\/li>\n<li>\n<div>Massimo Saracino (Universit\u00e0 di Verona)<\/div>\n<\/li>\n<li>\n<div>Alfredo Valvo (Universit\u00e0 Cattolica di Milano &#8211; Brescia)<\/div>\n<\/li>\n<\/ul>\n<p>[\/et_pb_text][\/et_pb_column][\/et_pb_row][\/et_pb_section]<\/p>\n","protected":false},"excerpt":{"rendered":"<p>Scientific Council: Alfredo Buonopane, Alessandro Campus, Gian Franco Chiai, Federica Fanizzi, Simona Marchesini, Anna Siri &nbsp; Comitato Scientifico Miscellanea &#8220;Tempus Tacendi &#8211; Quando il silenzio comunica&#8221;: Alfredo Buonopane (Universit\u00e0 di Verona, Alteritas) Alessandro Campus (Universit\u00e0 di Roma \u201cTor Vergata\u201d) Anna Chahoud (Trinity College Dublin) Roberto Gini (musicista) Gianmario Guidarelli, (Universit\u00e0 di Padova) Gianfrancesco Lusini (Universit\u00e0 [&hellip;]<\/p>\n","protected":false},"author":1,"featured_media":0,"parent":30742,"menu_order":0,"comment_status":"closed","ping_status":"closed","template":"","meta":{"_et_pb_use_builder":"on","_et_pb_old_content":"","_et_gb_content_width":"","footnotes":""},"class_list":["post-30752","page","type-page","status-publish","hentry"],"yoast_head":"<!-- This site is optimized with the Yoast SEO plugin v27.4 - https:\/\/yoast.com\/product\/yoast-seo-wordpress\/ -->\n<title>Scientific Committee - Alteritas<\/title>\n<meta name=\"robots\" content=\"index, follow, max-snippet:-1, max-image-preview:large, max-video-preview:-1\" \/>\n<link rel=\"canonical\" href=\"https:\/\/alteritas.it\/en\/research\/scientific-committee\/\" \/>\n<meta property=\"og:locale\" content=\"en_US\" \/>\n<meta property=\"og:type\" content=\"article\" \/>\n<meta property=\"og:title\" content=\"Scientific Committee - Alteritas\" \/>\n<meta property=\"og:description\" content=\"Scientific Council: Alfredo Buonopane, Alessandro Campus, Gian Franco Chiai, Federica Fanizzi, Simona Marchesini, Anna Siri &nbsp; Comitato Scientifico Miscellanea &quot;Tempus Tacendi - Quando il silenzio comunica&quot;: Alfredo Buonopane (Universit\u00e0 di Verona, Alteritas) Alessandro Campus (Universit\u00e0 di Roma \u201cTor Vergata\u201d) Anna Chahoud (Trinity College Dublin) Roberto Gini (musicista) Gianmario Guidarelli, (Universit\u00e0 di Padova) Gianfrancesco Lusini (Universit\u00e0 [&hellip;]\" \/>\n<meta property=\"og:url\" content=\"https:\/\/alteritas.it\/en\/research\/scientific-committee\/\" \/>\n<meta property=\"og:site_name\" content=\"Alteritas\" \/>\n<meta property=\"article:publisher\" content=\"https:\/\/www.facebook.com\/profile.php?id=100094434265392\" \/>\n<meta property=\"article:modified_time\" content=\"2026-03-17T07:43:11+00:00\" \/>\n<meta name=\"twitter:card\" content=\"summary_large_image\" \/>\n<meta name=\"twitter:site\" content=\"@AlteritasInfo\" \/>\n<meta name=\"twitter:label1\" content=\"Est. reading time\" \/>\n\t<meta name=\"twitter:data1\" content=\"4 minutes\" \/>\n<script type=\"application\/ld+json\" class=\"yoast-schema-graph\">{\"@context\":\"https:\\\/\\\/schema.org\",\"@graph\":[{\"@type\":\"WebPage\",\"@id\":\"https:\\\/\\\/alteritas.it\\\/en\\\/research\\\/scientific-committee\\\/\",\"url\":\"https:\\\/\\\/alteritas.it\\\/en\\\/research\\\/scientific-committee\\\/\",\"name\":\"Scientific Committee - Alteritas\",\"isPartOf\":{\"@id\":\"https:\\\/\\\/alteritas.it\\\/en\\\/#website\"},\"datePublished\":\"2022-08-05T14:20:45+00:00\",\"dateModified\":\"2026-03-17T07:43:11+00:00\",\"breadcrumb\":{\"@id\":\"https:\\\/\\\/alteritas.it\\\/en\\\/research\\\/scientific-committee\\\/#breadcrumb\"},\"inLanguage\":\"en-US\",\"potentialAction\":[{\"@type\":\"ReadAction\",\"target\":[\"https:\\\/\\\/alteritas.it\\\/en\\\/research\\\/scientific-committee\\\/\"]}]},{\"@type\":\"BreadcrumbList\",\"@id\":\"https:\\\/\\\/alteritas.it\\\/en\\\/research\\\/scientific-committee\\\/#breadcrumb\",\"itemListElement\":[{\"@type\":\"ListItem\",\"position\":1,\"name\":\"Home\",\"item\":\"https:\\\/\\\/alteritas.it\\\/en\\\/\"},{\"@type\":\"ListItem\",\"position\":2,\"name\":\"Research\",\"item\":\"https:\\\/\\\/alteritas.it\\\/en\\\/research\\\/\"},{\"@type\":\"ListItem\",\"position\":3,\"name\":\"Scientific Committee\"}]},{\"@type\":\"WebSite\",\"@id\":\"https:\\\/\\\/alteritas.it\\\/en\\\/#website\",\"url\":\"https:\\\/\\\/alteritas.it\\\/en\\\/\",\"name\":\"Alteritas\",\"description\":\"\",\"publisher\":{\"@id\":\"https:\\\/\\\/alteritas.it\\\/en\\\/#organization\"},\"potentialAction\":[{\"@type\":\"SearchAction\",\"target\":{\"@type\":\"EntryPoint\",\"urlTemplate\":\"https:\\\/\\\/alteritas.it\\\/en\\\/?s={search_term_string}\"},\"query-input\":{\"@type\":\"PropertyValueSpecification\",\"valueRequired\":true,\"valueName\":\"search_term_string\"}}],\"inLanguage\":\"en-US\"},{\"@type\":\"Organization\",\"@id\":\"https:\\\/\\\/alteritas.it\\\/en\\\/#organization\",\"name\":\"Alteritas\",\"url\":\"https:\\\/\\\/alteritas.it\\\/en\\\/\",\"logo\":{\"@type\":\"ImageObject\",\"inLanguage\":\"en-US\",\"@id\":\"https:\\\/\\\/alteritas.it\\\/en\\\/#\\\/schema\\\/logo\\\/image\\\/\",\"url\":\"https:\\\/\\\/alteritas.effetti.dev\\\/wp-content\\\/uploads\\\/2022\\\/08\\\/tondo_bianco.png\",\"contentUrl\":\"https:\\\/\\\/alteritas.effetti.dev\\\/wp-content\\\/uploads\\\/2022\\\/08\\\/tondo_bianco.png\",\"width\":169,\"height\":160,\"caption\":\"Alteritas\"},\"image\":{\"@id\":\"https:\\\/\\\/alteritas.it\\\/en\\\/#\\\/schema\\\/logo\\\/image\\\/\"},\"sameAs\":[\"https:\\\/\\\/www.facebook.com\\\/profile.php?id=100094434265392\",\"https:\\\/\\\/x.com\\\/AlteritasInfo\",\"https:\\\/\\\/www.instagram.com\\\/alteritasinterazioni\\\/\",\"https:\\\/\\\/www.youtube.com\\\/@alteritasinterazioni5597\",\"https:\\\/\\\/www.linkedin.com\\\/in\\\/alteritas-interazioni-352257208\\\/\"]}]}<\/script>\n<!-- \/ Yoast SEO plugin. -->","yoast_head_json":{"title":"Scientific Committee - Alteritas","robots":{"index":"index","follow":"follow","max-snippet":"max-snippet:-1","max-image-preview":"max-image-preview:large","max-video-preview":"max-video-preview:-1"},"canonical":"https:\/\/alteritas.it\/en\/research\/scientific-committee\/","og_locale":"en_US","og_type":"article","og_title":"Scientific Committee - Alteritas","og_description":"Scientific Council: Alfredo Buonopane, Alessandro Campus, Gian Franco Chiai, Federica Fanizzi, Simona Marchesini, Anna Siri &nbsp; Comitato Scientifico Miscellanea \"Tempus Tacendi - Quando il silenzio comunica\": Alfredo Buonopane (Universit\u00e0 di Verona, Alteritas) Alessandro Campus (Universit\u00e0 di Roma \u201cTor Vergata\u201d) Anna Chahoud (Trinity College Dublin) Roberto Gini (musicista) Gianmario Guidarelli, (Universit\u00e0 di Padova) Gianfrancesco Lusini (Universit\u00e0 [&hellip;]","og_url":"https:\/\/alteritas.it\/en\/research\/scientific-committee\/","og_site_name":"Alteritas","article_publisher":"https:\/\/www.facebook.com\/profile.php?id=100094434265392","article_modified_time":"2026-03-17T07:43:11+00:00","twitter_card":"summary_large_image","twitter_site":"@AlteritasInfo","twitter_misc":{"Est. reading time":"4 minutes"},"schema":{"@context":"https:\/\/schema.org","@graph":[{"@type":"WebPage","@id":"https:\/\/alteritas.it\/en\/research\/scientific-committee\/","url":"https:\/\/alteritas.it\/en\/research\/scientific-committee\/","name":"Scientific Committee - Alteritas","isPartOf":{"@id":"https:\/\/alteritas.it\/en\/#website"},"datePublished":"2022-08-05T14:20:45+00:00","dateModified":"2026-03-17T07:43:11+00:00","breadcrumb":{"@id":"https:\/\/alteritas.it\/en\/research\/scientific-committee\/#breadcrumb"},"inLanguage":"en-US","potentialAction":[{"@type":"ReadAction","target":["https:\/\/alteritas.it\/en\/research\/scientific-committee\/"]}]},{"@type":"BreadcrumbList","@id":"https:\/\/alteritas.it\/en\/research\/scientific-committee\/#breadcrumb","itemListElement":[{"@type":"ListItem","position":1,"name":"Home","item":"https:\/\/alteritas.it\/en\/"},{"@type":"ListItem","position":2,"name":"Research","item":"https:\/\/alteritas.it\/en\/research\/"},{"@type":"ListItem","position":3,"name":"Scientific Committee"}]},{"@type":"WebSite","@id":"https:\/\/alteritas.it\/en\/#website","url":"https:\/\/alteritas.it\/en\/","name":"Alteritas","description":"","publisher":{"@id":"https:\/\/alteritas.it\/en\/#organization"},"potentialAction":[{"@type":"SearchAction","target":{"@type":"EntryPoint","urlTemplate":"https:\/\/alteritas.it\/en\/?s={search_term_string}"},"query-input":{"@type":"PropertyValueSpecification","valueRequired":true,"valueName":"search_term_string"}}],"inLanguage":"en-US"},{"@type":"Organization","@id":"https:\/\/alteritas.it\/en\/#organization","name":"Alteritas","url":"https:\/\/alteritas.it\/en\/","logo":{"@type":"ImageObject","inLanguage":"en-US","@id":"https:\/\/alteritas.it\/en\/#\/schema\/logo\/image\/","url":"https:\/\/alteritas.effetti.dev\/wp-content\/uploads\/2022\/08\/tondo_bianco.png","contentUrl":"https:\/\/alteritas.effetti.dev\/wp-content\/uploads\/2022\/08\/tondo_bianco.png","width":169,"height":160,"caption":"Alteritas"},"image":{"@id":"https:\/\/alteritas.it\/en\/#\/schema\/logo\/image\/"},"sameAs":["https:\/\/www.facebook.com\/profile.php?id=100094434265392","https:\/\/x.com\/AlteritasInfo","https:\/\/www.instagram.com\/alteritasinterazioni\/","https:\/\/www.youtube.com\/@alteritasinterazioni5597","https:\/\/www.linkedin.com\/in\/alteritas-interazioni-352257208\/"]}]}},"_links":{"self":[{"href":"https:\/\/alteritas.it\/en\/wp-json\/wp\/v2\/pages\/30752","targetHints":{"allow":["GET"]}}],"collection":[{"href":"https:\/\/alteritas.it\/en\/wp-json\/wp\/v2\/pages"}],"about":[{"href":"https:\/\/alteritas.it\/en\/wp-json\/wp\/v2\/types\/page"}],"author":[{"embeddable":true,"href":"https:\/\/alteritas.it\/en\/wp-json\/wp\/v2\/users\/1"}],"replies":[{"embeddable":true,"href":"https:\/\/alteritas.it\/en\/wp-json\/wp\/v2\/comments?post=30752"}],"version-history":[{"count":14,"href":"https:\/\/alteritas.it\/en\/wp-json\/wp\/v2\/pages\/30752\/revisions"}],"predecessor-version":[{"id":31191,"href":"https:\/\/alteritas.it\/en\/wp-json\/wp\/v2\/pages\/30752\/revisions\/31191"}],"up":[{"embeddable":true,"href":"https:\/\/alteritas.it\/en\/wp-json\/wp\/v2\/pages\/30742"}],"wp:attachment":[{"href":"https:\/\/alteritas.it\/en\/wp-json\/wp\/v2\/media?parent=30752"}],"curies":[{"name":"wp","href":"https:\/\/api.w.org\/{rel}","templated":true}]}}